{"id":729,"date":"2024-04-17T12:07:32","date_gmt":"2024-04-17T12:07:32","guid":{"rendered":"https:\/\/hundefutter-penzberg.de\/?page_id=729"},"modified":"2024-04-19T13:30:35","modified_gmt":"2024-04-19T13:30:35","slug":"impressum","status":"publish","type":"page","link":"https:\/\/hundefutter-penzberg.de\/index.php\/impressum\/","title":{"rendered":"Impressum"},"content":{"rendered":"\t\t<div data-elementor-type=\"wp-page\" data-elementor-id=\"729\" class=\"elementor elementor-729\" data-elementor-post-type=\"page\">\n\t\t\t\t<div class=\"elementor-element elementor-element-73b22401 e-flex e-con-boxed e-con e-parent\" data-id=\"73b22401\" data-element_type=\"container\" data-settings=\"{&quot;background_background&quot;:&quot;classic&quot;,&quot;shape_divider_bottom&quot;:&quot;waves&quot;}\">\n\t\t\t\t\t<div class=\"e-con-inner\">\n\t\t\t\t<div class=\"elementor-shape elementor-shape-bottom\" data-negative=\"false\">\n\t\t\t<svg xmlns=\"http:\/\/www.w3.org\/2000\/svg\" viewBox=\"0 0 1000 100\" preserveAspectRatio=\"none\">\n\t<path class=\"elementor-shape-fill\" d=\"M421.9,6.5c22.6-2.5,51.5,0.4,75.5,5.3c23.6,4.9,70.9,23.5,100.5,35.7c75.8,32.2,133.7,44.5,192.6,49.7\n\tc23.6,2.1,48.7,3.5,103.4-2.5c54.7-6,106.2-25.6,106.2-25.6V0H0v30.3c0,0,72,32.6,158.4,30.5c39.2-0.7,92.8-6.7,134-22.4\n\tc21.2-8.1,52.2-18.2,79.7-24.2C399.3,7.9,411.6,7.5,421.9,6.5z\"\/>\n<\/svg>\t\t<\/div>\n\t\t<div class=\"elementor-element elementor-element-3c67381b e-con-full e-flex e-con e-child\" data-id=\"3c67381b\" data-element_type=\"container\">\n\t\t\t\t<div class=\"elementor-element elementor-element-625e73dd elementor-widget elementor-widget-image\" data-id=\"625e73dd\" data-element_type=\"widget\" data-widget_type=\"image.default\">\n\t\t\t\t<div class=\"elementor-widget-container\">\n\t\t\t<style>\/*! elementor - v3.21.0 - 18-04-2024 *\/\n.elementor-widget-image{text-align:center}.elementor-widget-image a{display:inline-block}.elementor-widget-image a img[src$=\".svg\"]{width:48px}.elementor-widget-image img{vertical-align:middle;display:inline-block}<\/style>\t\t\t\t\t\t\t\t\t\t<img fetchpriority=\"high\" decoding=\"async\" width=\"300\" height=\"175\" src=\"https:\/\/hundefutter-penzberg.de\/wp-content\/uploads\/2024\/02\/1624865206VP-Logo-1000-300x175.jpg\" class=\"attachment-medium size-medium wp-image-62\" alt=\"\" srcset=\"https:\/\/hundefutter-penzberg.de\/wp-content\/uploads\/2024\/02\/1624865206VP-Logo-1000-300x175.jpg 300w, https:\/\/hundefutter-penzberg.de\/wp-content\/uploads\/2024\/02\/1624865206VP-Logo-1000-768x449.jpg 768w, https:\/\/hundefutter-penzberg.de\/wp-content\/uploads\/2024\/02\/1624865206VP-Logo-1000.jpg 1000w\" sizes=\"(max-width: 300px) 100vw, 300px\" \/>\t\t\t\t\t\t\t\t\t\t\t\t\t<\/div>\n\t\t\t\t<\/div>\n\t\t\t\t<div class=\"elementor-element elementor-element-5bcb054a elementor-widget elementor-widget-heading\" data-id=\"5bcb054a\" data-element_type=\"widget\" data-widget_type=\"heading.default\">\n\t\t\t\t<div class=\"elementor-widget-container\">\n\t\t\t<style>\/*! elementor - v3.21.0 - 18-04-2024 *\/\n.elementor-heading-title{padding:0;margin:0;line-height:1}.elementor-widget-heading .elementor-heading-title[class*=elementor-size-]>a{color:inherit;font-size:inherit;line-height:inherit}.elementor-widget-heading .elementor-heading-title.elementor-size-small{font-size:15px}.elementor-widget-heading .elementor-heading-title.elementor-size-medium{font-size:19px}.elementor-widget-heading .elementor-heading-title.elementor-size-large{font-size:29px}.elementor-widget-heading .elementor-heading-title.elementor-size-xl{font-size:39px}.elementor-widget-heading .elementor-heading-title.elementor-size-xxl{font-size:59px}<\/style><h1 class=\"elementor-heading-title elementor-size-default\">WILLKOMMEN AUF MEINER WEBSEITE!<\/h1>\t\t<\/div>\n\t\t\t\t<\/div>\n\t\t\t\t<\/div>\n\t\t<div class=\"elementor-element elementor-element-2ed17f3c e-con-full e-flex e-con e-child\" data-id=\"2ed17f3c\" data-element_type=\"container\">\n\t\t\t\t<\/div>\n\t\t\t\t\t<\/div>\n\t\t\t\t<\/div>\n\t\t<div class=\"elementor-element elementor-element-f0707d3 e-flex e-con-boxed e-con e-parent\" data-id=\"f0707d3\" data-element_type=\"container\">\n\t\t\t\t\t<div class=\"e-con-inner\">\n\t\t\t\t<div class=\"elementor-element elementor-element-1716d45 elementor-widget elementor-widget-text-editor\" data-id=\"1716d45\" data-element_type=\"widget\" data-widget_type=\"text-editor.default\">\n\t\t\t\t<div class=\"elementor-widget-container\">\n\t\t\t<style>\/*! elementor - v3.21.0 - 18-04-2024 *\/\n.elementor-widget-text-editor.elementor-drop-cap-view-stacked .elementor-drop-cap{background-color:#69727d;color:#fff}.elementor-widget-text-editor.elementor-drop-cap-view-framed .elementor-drop-cap{color:#69727d;border:3px solid;background-color:transparent}.elementor-widget-text-editor:not(.elementor-drop-cap-view-default) .elementor-drop-cap{margin-top:8px}.elementor-widget-text-editor:not(.elementor-drop-cap-view-default) .elementor-drop-cap-letter{width:1em;height:1em}.elementor-widget-text-editor .elementor-drop-cap{float:left;text-align:center;line-height:1;font-size:50px}.elementor-widget-text-editor .elementor-drop-cap-letter{display:inline-block}<\/style>\t\t\t\t<p>Impressum:<br \/>Angaben Gem\u00e4\u00df \u00a75 TMG<br \/>Cornelia Bierling<br \/>Saalangerstr. 48<br \/>82377 Penzberg<br \/>Telefon: 08856-9376001<br \/>Mail: conny@hundefutter-penzberg.de<\/p><div>\u00a0<\/div><div>\u00a0<\/div><div><p>Verantwortlich f\u00fcr den Inhalt nach \u00a7 55 Abs. 2 RStV: Cornelia Bierling<\/p><h2 style=\"box-sizing: border-box; margin-block: 0.5rem 1rem; font-family: var( --e-global-typography-4366e24-font-family ), Sans-serif; font-weight: 500; line-height: var( --e-global-typography-4366e24-line-height ); color: var( --e-global-color-secondary ); font-size: var( --e-global-typography-4366e24-font-size ); letter-spacing: normal; word-spacing: 0px; font-style: normal; font-variant-ligatures: normal; font-variant-caps: normal; orphans: 2; text-align: start; text-indent: 0px; text-transform: none; widows: 2; -webkit-text-stroke-width: 0px; white-space: normal; background-color: #ffffff; text-decoration-thickness: initial; text-decoration-style: initial; text-decoration-color: initial;\">Hinweis auf EU-Streitschlichtung<\/h2><p>Die Europ\u00e4ische Kommission stellt eine Plattform zur Online-Streitbeilegung (OS) bereit:\u00a0<\/p><p><a style=\"box-sizing: border-box; background-color: transparent; text-decoration: none; color: #0044cc; box-shadow: none; font-family: var( --e-global-typography-text-font-family ), Sans-serif; font-size: var( --e-global-typography-text-font-size ); font-weight: var( --e-global-typography-text-font-weight );\" href=\"http:\/\/ec.europa.eu\/consumers\/odr\" target=\"_blank\" rel=\"nofollow noopener\">http:\/\/ec.europa.eu\/consumers\/odr<\/a>Unsere E-Mail-Adresse finden sie oben im Impressum.<\/p><p>Haftungsausschluss (Disclaimer)<\/p><p><strong style=\"box-sizing: border-box; font-weight: bolder;\">Haftung f\u00fcr Inhalte<\/strong><\/p><p>Als Diensteanbieter sind wir gem\u00e4\u00df \u00a7 7 Abs.1 TMG f\u00fcr eigene Inhalte auf diesen Seiten nach den allgemeinen Gesetzen verantwortlich. Nach \u00a7\u00a7 8 bis 10 TMG sind wir als Diensteanbieter jedoch nicht verpflichtet, \u00fcbermittelte oder gespeicherte fremde Informationen zu \u00fcberwachen oder nach Umst\u00e4nden zu forschen, die auf eine rechtswidrige T\u00e4tigkeit hinweisen. Verpflichtungen zur Entfernung oder Sperrung der Nutzung von Informationen nach den allgemeinen Gesetzen bleiben hiervon unber\u00fchrt. Eine diesbez\u00fcgliche Haftung ist jedoch erst ab dem Zeitpunkt der Kenntnis einer konkreten Rechtsverletzung m\u00f6glich. Bei Bekanntwerden von entsprechenden Rechtsverletzungen werden wir diese Inhalte umgehend entfernen.<\/p><p><strong style=\"box-sizing: border-box; font-weight: bolder;\">Haftung f\u00fcr Links<\/strong><\/p><p>Unser Angebot enth\u00e4lt Links zu externen Webseiten Dritter, auf deren Inhalte wir keinen Einfluss haben. Deshalb k\u00f6nnen wir f\u00fcr diese fremden Inhalte auch keine Gew\u00e4hr \u00fcbernehmen. F\u00fcr die Inhalte der verlinkten Seiten ist stets der jeweilige Anbieter oder Betreiber der Seiten verantwortlich. Die verlinkten Seiten wurden zum Zeitpunkt der Verlinkung auf m\u00f6gliche Rechtsverst\u00f6\u00dfe \u00fcberpr\u00fcft. Rechtswidrige Inhalte waren zum Zeitpunkt der Verlinkung nicht erkennbar. Eine permanente inhaltliche Kontrolle der verlinkten Seiten ist jedoch ohne konkrete Anhaltspunkte einer Rechtsverletzung nicht zumutbar. Bei Bekanntwerden von Rechtsverletzungen werden wir derartige Links umgehend entfernen.<\/p><p><strong style=\"box-sizing: border-box; font-weight: bolder;\">Urheberrecht<\/strong><\/p><p>Die durch die Seitenbetreiber erstellten Inhalte und Werke auf diesen Seiten unterliegen dem deutschen Urheberrecht. Die Vervielf\u00e4ltigung, Bearbeitung, Verbreitung und jede Art der Verwertung au\u00dferhalb der Grenzen des Urheberrechtes bed\u00fcrfen der schriftlichen Zustimmung des jeweiligen Autors bzw. Erstellers. Downloads und Kopien dieser Seite sind nur f\u00fcr den privaten, nicht kommerziellen Gebrauch gestattet. Soweit die Inhalte auf dieser Seite nicht vom Betreiber erstellt wurden, werden die Urheberrechte Dritter beachtet. Insbesondere werden Inhalte Dritter als solche gekennzeichnet. Sollten Sie trotzdem auf eine Urheberrechtsverletzung aufmerksam werden, bitten wir um einen entsprechenden Hinweis. Bei Bekanntwerden von Rechtsverletzungen werden wir derartige Inhalte umgehend entfernen.<\/p><\/div>\t\t\t\t\t\t<\/div>\n\t\t\t\t<\/div>\n\t\t\t\t\t<\/div>\n\t\t\t\t<\/div>\n\t\t<div class=\"elementor-element elementor-element-5f169b9 e-flex e-con-boxed e-con e-parent\" data-id=\"5f169b9\" data-element_type=\"container\">\n\t\t\t\t\t<div class=\"e-con-inner\">\n\t\t\t\t<div class=\"elementor-element elementor-element-c9e1003 elementor-widget elementor-widget-tp-navigation-menu-lite\" data-id=\"c9e1003\" data-element_type=\"widget\" data-widget_type=\"tp-navigation-menu-lite.default\">\n\t\t\t\t<div class=\"elementor-widget-container\">\n\t\t\t\t\t\n\t\t<div class=\"plus-navigation-wrap text-center nav-menu69fb22aa1acc5\">\n\t\t\t<div class=\"plus-navigation-inner menu-hover main-menu-indicator-none sub-menu-indicator-none \"  data-menu_transition=\"style-1\">\n\t\t\t\t<div id=\"theplus-navigation-normal-menu\" class=\"collapse navbar-collapse navbar-ex1-collapse\">\n\t\t\t\t\t<div class=\"plus-navigation-menu menu-horizontal\"><ul id=\"menu-menu\" class=\"nav navbar-nav yamm menu-hover-none\"><li id=\"menu-item-815\" class=\"menu-item menu-item-type-post_type menu-item-object-page menu-item-home animate-dropdown menu-item-815\" ><a title=\"Home\" href=\"https:\/\/hundefutter-penzberg.de\/\" data-text=\"Home\">Home<\/a><\/li>\n<li id=\"menu-item-814\" class=\"menu-item menu-item-type-post_type menu-item-object-page animate-dropdown menu-item-814\" ><a title=\"Impressum\" href=\"https:\/\/hundefutter-penzberg.de\/index.php\/impressum\/\" data-text=\"Impressum\">Impressum<\/a><\/li>\n<li id=\"menu-item-855\" class=\"menu-item menu-item-type-post_type menu-item-object-page animate-dropdown menu-item-855\" ><a title=\"Datenschutz\" href=\"https:\/\/hundefutter-penzberg.de\/index.php\/datenschutz\/\" data-text=\"Datenschutz\">Datenschutz<\/a><\/li>\n<li id=\"menu-item-876\" class=\"menu-item menu-item-type-post_type menu-item-object-page current_page_parent animate-dropdown menu-item-876\" ><a title=\"Blog\" href=\"https:\/\/hundefutter-penzberg.de\/index.php\/blog\/\" data-text=\"Blog\">Blog<\/a><\/li>\n<\/ul><\/div>\t\n\t\t\t\t<\/div>\n\t\t\t\t\n\t\t\t\t\t\t\t\t\n\t\t\t\t\t<div class=\"plus-mobile-nav-toggle navbar-header mobile-toggle\">\n\t\t\t\t\t\t<div class=\"mobile-plus-toggle-menu plus-collapsed toggle-style-1\" data-target=\"#plus-mobile-nav-toggle-nav-menu69fb22aa1acc5\">\n\t\t\t\t\t\t\t\t\t\t\t\t\t\t<ul class=\"toggle-lines\">\n\t\t\t\t\t\t\t\t<li class=\"toggle-line\"><\/li>\n\t\t\t\t\t\t\t\t<li class=\"toggle-line\"><\/li>\n\t\t\t\t\t\t\t<\/ul>\n\t\t\t\t\t\t\t\t\t\t\t\t\t<\/div>\n\t\t\t\t\t<\/div>\n\t\t\t\t\t<div id=\"plus-mobile-nav-toggle-nav-menu69fb22aa1acc5\" class=\"collapse navbar-collapse navbar-ex1-collapse plus-mobile-menu-content\">\n\t\t\t\t\t\t\t\t\t\t\t\t\n\t\t\t\t\t<\/div>\n\t\t\t\t\t\t\t\t\n\t\t\t<\/div>\n\t\t<\/div>\n\t\t \n\t\t<style>.plus-navigation-wrap.nav-menu69fb22aa1acc5 #theplus-navigation-normal-menu{display: block!important;}<\/style>\t\t<\/div>\n\t\t\t\t<\/div>\n\t\t\t\t\t<\/div>\n\t\t\t\t<\/div>\n\t\t\t\t<\/div>\n\t\t","protected":false},"excerpt":{"rendered":"<p>WILLKOMMEN AUF MEINER WEBSEITE! Impressum:Angaben Gem\u00e4\u00df \u00a75 TMGCornelia BierlingSaalangerstr. 4882377 PenzbergTelefon: 08856-9376001Mail: conny@hundefutter-penzberg.de \u00a0\u00a0 Verantwortlich f\u00fcr den Inhalt nach \u00a7 55 Abs. 2 RStV: Cornelia Bierling Hinweis auf EU-Streitschlichtung Die Europ\u00e4ische Kommission stellt eine Plattform zur Online-Streitbeilegung (OS) bereit:\u00a0 http:\/\/ec.europa.eu\/consumers\/odrUnsere E-Mail-Adresse finden sie oben im Impressum. Haftungsausschluss (Disclaimer) Haftung f\u00fcr Inhalte Als Diensteanbieter sind wir [&hellip;]<\/p>\n","protected":false},"author":1,"featured_media":0,"parent":0,"menu_order":0,"comment_status":"closed","ping_status":"closed","template":"elementor_header_footer","meta":{"footnotes":""},"class_list":["post-729","page","type-page","status-publish","hentry"],"yoast_head":"<!-- This site is optimized with the Yoast SEO plugin v22.4 - https:\/\/yoast.com\/wordpress\/plugins\/seo\/ -->\n<title>Impressum - \ud83e\udd0e Tierfutter-Penzberg \ud83e\udd0e<\/title>\n<meta name=\"robots\" content=\"index, follow, max-snippet:-1, max-image-preview:large, max-video-preview:-1\" \/>\n<link rel=\"canonical\" href=\"https:\/\/hundefutter-penzberg.de\/index.php\/impressum\/\" \/>\n<meta property=\"og:locale\" content=\"de_DE\" \/>\n<meta property=\"og:type\" content=\"article\" \/>\n<meta property=\"og:title\" content=\"Impressum - \ud83e\udd0e Tierfutter-Penzberg \ud83e\udd0e\" \/>\n<meta property=\"og:description\" content=\"WILLKOMMEN AUF MEINER WEBSEITE! Impressum:Angaben Gem\u00e4\u00df \u00a75 TMGCornelia BierlingSaalangerstr. 4882377 PenzbergTelefon: 08856-9376001Mail: conny@hundefutter-penzberg.de \u00a0\u00a0 Verantwortlich f\u00fcr den Inhalt nach \u00a7 55 Abs. 2 RStV: Cornelia Bierling Hinweis auf EU-Streitschlichtung Die Europ\u00e4ische Kommission stellt eine Plattform zur Online-Streitbeilegung (OS) bereit:\u00a0 http:\/\/ec.europa.eu\/consumers\/odrUnsere E-Mail-Adresse finden sie oben im Impressum. Haftungsausschluss (Disclaimer) Haftung f\u00fcr Inhalte Als Diensteanbieter sind wir [&hellip;]\" \/>\n<meta property=\"og:url\" content=\"https:\/\/hundefutter-penzberg.de\/index.php\/impressum\/\" \/>\n<meta property=\"og:site_name\" content=\"\ud83e\udd0e Tierfutter-Penzberg \ud83e\udd0e\" \/>\n<meta property=\"article:modified_time\" content=\"2024-04-19T13:30:35+00:00\" \/>\n<meta property=\"og:image\" content=\"https:\/\/hundefutter-penzberg.de\/wp-content\/uploads\/2024\/02\/1624865206VP-Logo-1000-300x175.jpg\" \/>\n<meta name=\"twitter:card\" content=\"summary_large_image\" \/>\n<meta name=\"twitter:label1\" content=\"Gesch\u00e4tzte Lesezeit\" \/>\n\t<meta name=\"twitter:data1\" content=\"3\u00a0Minuten\" \/>\n<script type=\"application\/ld+json\" class=\"yoast-schema-graph\">{\"@context\":\"https:\/\/schema.org\",\"@graph\":[{\"@type\":\"WebPage\",\"@id\":\"https:\/\/hundefutter-penzberg.de\/index.php\/impressum\/\",\"url\":\"https:\/\/hundefutter-penzberg.de\/index.php\/impressum\/\",\"name\":\"Impressum - \ud83e\udd0e Tierfutter-Penzberg \ud83e\udd0e\",\"isPartOf\":{\"@id\":\"https:\/\/hundefutter-penzberg.de\/#website\"},\"primaryImageOfPage\":{\"@id\":\"https:\/\/hundefutter-penzberg.de\/index.php\/impressum\/#primaryimage\"},\"image\":{\"@id\":\"https:\/\/hundefutter-penzberg.de\/index.php\/impressum\/#primaryimage\"},\"thumbnailUrl\":\"https:\/\/hundefutter-penzberg.de\/wp-content\/uploads\/2024\/02\/1624865206VP-Logo-1000-300x175.jpg\",\"datePublished\":\"2024-04-17T12:07:32+00:00\",\"dateModified\":\"2024-04-19T13:30:35+00:00\",\"breadcrumb\":{\"@id\":\"https:\/\/hundefutter-penzberg.de\/index.php\/impressum\/#breadcrumb\"},\"inLanguage\":\"de\",\"potentialAction\":[{\"@type\":\"ReadAction\",\"target\":[\"https:\/\/hundefutter-penzberg.de\/index.php\/impressum\/\"]}]},{\"@type\":\"ImageObject\",\"inLanguage\":\"de\",\"@id\":\"https:\/\/hundefutter-penzberg.de\/index.php\/impressum\/#primaryimage\",\"url\":\"https:\/\/hundefutter-penzberg.de\/wp-content\/uploads\/2024\/02\/1624865206VP-Logo-1000.jpg\",\"contentUrl\":\"https:\/\/hundefutter-penzberg.de\/wp-content\/uploads\/2024\/02\/1624865206VP-Logo-1000.jpg\",\"width\":1000,\"height\":584},{\"@type\":\"BreadcrumbList\",\"@id\":\"https:\/\/hundefutter-penzberg.de\/index.php\/impressum\/#breadcrumb\",\"itemListElement\":[{\"@type\":\"ListItem\",\"position\":1,\"name\":\"Startseite\",\"item\":\"https:\/\/hundefutter-penzberg.de\/\"},{\"@type\":\"ListItem\",\"position\":2,\"name\":\"Impressum\"}]},{\"@type\":\"WebSite\",\"@id\":\"https:\/\/hundefutter-penzberg.de\/#website\",\"url\":\"https:\/\/hundefutter-penzberg.de\/\",\"name\":\"\ud83e\udd0e Tierfutter-Penzberg \ud83e\udd0e\",\"description\":\"\",\"publisher\":{\"@id\":\"https:\/\/hundefutter-penzberg.de\/#organization\"},\"potentialAction\":[{\"@type\":\"SearchAction\",\"target\":{\"@type\":\"EntryPoint\",\"urlTemplate\":\"https:\/\/hundefutter-penzberg.de\/?s={search_term_string}\"},\"query-input\":\"required name=search_term_string\"}],\"inLanguage\":\"de\"},{\"@type\":\"Organization\",\"@id\":\"https:\/\/hundefutter-penzberg.de\/#organization\",\"name\":\"\ud83e\udd0e Tierfutter-Penzberg \ud83e\udd0e\",\"url\":\"https:\/\/hundefutter-penzberg.de\/\",\"logo\":{\"@type\":\"ImageObject\",\"inLanguage\":\"de\",\"@id\":\"https:\/\/hundefutter-penzberg.de\/#\/schema\/logo\/image\/\",\"url\":\"https:\/\/hundefutter-penzberg.de\/wp-content\/uploads\/2024\/02\/cropped-1624865206VP-Logo-1000.jpg\",\"contentUrl\":\"https:\/\/hundefutter-penzberg.de\/wp-content\/uploads\/2024\/02\/cropped-1624865206VP-Logo-1000.jpg\",\"width\":85,\"height\":50,\"caption\":\"\ud83e\udd0e Tierfutter-Penzberg \ud83e\udd0e \"},\"image\":{\"@id\":\"https:\/\/hundefutter-penzberg.de\/#\/schema\/logo\/image\/\"}}]}<\/script>\n<!-- \/ Yoast SEO plugin. -->","yoast_head_json":{"title":"Impressum - \ud83e\udd0e Tierfutter-Penzberg \ud83e\udd0e","robots":{"index":"index","follow":"follow","max-snippet":"max-snippet:-1","max-image-preview":"max-image-preview:large","max-video-preview":"max-video-preview:-1"},"canonical":"https:\/\/hundefutter-penzberg.de\/index.php\/impressum\/","og_locale":"de_DE","og_type":"article","og_title":"Impressum - \ud83e\udd0e Tierfutter-Penzberg \ud83e\udd0e","og_description":"WILLKOMMEN AUF MEINER WEBSEITE! Impressum:Angaben Gem\u00e4\u00df \u00a75 TMGCornelia BierlingSaalangerstr. 4882377 PenzbergTelefon: 08856-9376001Mail: conny@hundefutter-penzberg.de \u00a0\u00a0 Verantwortlich f\u00fcr den Inhalt nach \u00a7 55 Abs. 2 RStV: Cornelia Bierling Hinweis auf EU-Streitschlichtung Die Europ\u00e4ische Kommission stellt eine Plattform zur Online-Streitbeilegung (OS) bereit:\u00a0 http:\/\/ec.europa.eu\/consumers\/odrUnsere E-Mail-Adresse finden sie oben im Impressum. Haftungsausschluss (Disclaimer) Haftung f\u00fcr Inhalte Als Diensteanbieter sind wir [&hellip;]","og_url":"https:\/\/hundefutter-penzberg.de\/index.php\/impressum\/","og_site_name":"\ud83e\udd0e Tierfutter-Penzberg \ud83e\udd0e","article_modified_time":"2024-04-19T13:30:35+00:00","og_image":[{"url":"https:\/\/hundefutter-penzberg.de\/wp-content\/uploads\/2024\/02\/1624865206VP-Logo-1000-300x175.jpg"}],"twitter_card":"summary_large_image","twitter_misc":{"Gesch\u00e4tzte Lesezeit":"3\u00a0Minuten"},"schema":{"@context":"https:\/\/schema.org","@graph":[{"@type":"WebPage","@id":"https:\/\/hundefutter-penzberg.de\/index.php\/impressum\/","url":"https:\/\/hundefutter-penzberg.de\/index.php\/impressum\/","name":"Impressum - \ud83e\udd0e Tierfutter-Penzberg \ud83e\udd0e","isPartOf":{"@id":"https:\/\/hundefutter-penzberg.de\/#website"},"primaryImageOfPage":{"@id":"https:\/\/hundefutter-penzberg.de\/index.php\/impressum\/#primaryimage"},"image":{"@id":"https:\/\/hundefutter-penzberg.de\/index.php\/impressum\/#primaryimage"},"thumbnailUrl":"https:\/\/hundefutter-penzberg.de\/wp-content\/uploads\/2024\/02\/1624865206VP-Logo-1000-300x175.jpg","datePublished":"2024-04-17T12:07:32+00:00","dateModified":"2024-04-19T13:30:35+00:00","breadcrumb":{"@id":"https:\/\/hundefutter-penzberg.de\/index.php\/impressum\/#breadcrumb"},"inLanguage":"de","potentialAction":[{"@type":"ReadAction","target":["https:\/\/hundefutter-penzberg.de\/index.php\/impressum\/"]}]},{"@type":"ImageObject","inLanguage":"de","@id":"https:\/\/hundefutter-penzberg.de\/index.php\/impressum\/#primaryimage","url":"https:\/\/hundefutter-penzberg.de\/wp-content\/uploads\/2024\/02\/1624865206VP-Logo-1000.jpg","contentUrl":"https:\/\/hundefutter-penzberg.de\/wp-content\/uploads\/2024\/02\/1624865206VP-Logo-1000.jpg","width":1000,"height":584},{"@type":"BreadcrumbList","@id":"https:\/\/hundefutter-penzberg.de\/index.php\/impressum\/#breadcrumb","itemListElement":[{"@type":"ListItem","position":1,"name":"Startseite","item":"https:\/\/hundefutter-penzberg.de\/"},{"@type":"ListItem","position":2,"name":"Impressum"}]},{"@type":"WebSite","@id":"https:\/\/hundefutter-penzberg.de\/#website","url":"https:\/\/hundefutter-penzberg.de\/","name":"\ud83e\udd0e Tierfutter-Penzberg \ud83e\udd0e","description":"","publisher":{"@id":"https:\/\/hundefutter-penzberg.de\/#organization"},"potentialAction":[{"@type":"SearchAction","target":{"@type":"EntryPoint","urlTemplate":"https:\/\/hundefutter-penzberg.de\/?s={search_term_string}"},"query-input":"required name=search_term_string"}],"inLanguage":"de"},{"@type":"Organization","@id":"https:\/\/hundefutter-penzberg.de\/#organization","name":"\ud83e\udd0e Tierfutter-Penzberg \ud83e\udd0e","url":"https:\/\/hundefutter-penzberg.de\/","logo":{"@type":"ImageObject","inLanguage":"de","@id":"https:\/\/hundefutter-penzberg.de\/#\/schema\/logo\/image\/","url":"https:\/\/hundefutter-penzberg.de\/wp-content\/uploads\/2024\/02\/cropped-1624865206VP-Logo-1000.jpg","contentUrl":"https:\/\/hundefutter-penzberg.de\/wp-content\/uploads\/2024\/02\/cropped-1624865206VP-Logo-1000.jpg","width":85,"height":50,"caption":"\ud83e\udd0e Tierfutter-Penzberg \ud83e\udd0e "},"image":{"@id":"https:\/\/hundefutter-penzberg.de\/#\/schema\/logo\/image\/"}}]}},"_links":{"self":[{"href":"https:\/\/hundefutter-penzberg.de\/index.php\/wp-json\/wp\/v2\/pages\/729","targetHints":{"allow":["GET"]}}],"collection":[{"href":"https:\/\/hundefutter-penzberg.de\/index.php\/wp-json\/wp\/v2\/pages"}],"about":[{"href":"https:\/\/hundefutter-penzberg.de\/index.php\/wp-json\/wp\/v2\/types\/page"}],"author":[{"embeddable":true,"href":"https:\/\/hundefutter-penzberg.de\/index.php\/wp-json\/wp\/v2\/users\/1"}],"replies":[{"embeddable":true,"href":"https:\/\/hundefutter-penzberg.de\/index.php\/wp-json\/wp\/v2\/comments?post=729"}],"version-history":[{"count":16,"href":"https:\/\/hundefutter-penzberg.de\/index.php\/wp-json\/wp\/v2\/pages\/729\/revisions"}],"predecessor-version":[{"id":835,"href":"https:\/\/hundefutter-penzberg.de\/index.php\/wp-json\/wp\/v2\/pages\/729\/revisions\/835"}],"wp:attachment":[{"href":"https:\/\/hundefutter-penzberg.de\/index.php\/wp-json\/wp\/v2\/media?parent=729"}],"curies":[{"name":"wp","href":"https:\/\/api.w.org\/{rel}","templated":true}]}}